{"id":510,"date":"2024-06-24T16:01:27","date_gmt":"2024-06-24T14:01:27","guid":{"rendered":"https:\/\/bioret-corp.com\/?page_id=510"},"modified":"2025-05-12T16:37:30","modified_gmt":"2025-05-12T14:37:30","slug":"badania-i-rozwoj","status":"publish","type":"page","link":"https:\/\/www.bioret-corp.com\/pl\/recherche-et-developpement\/","title":{"rendered":"Badania i rozw\u00f3j"},"content":{"rendered":"<div data-elementor-type=\"wp-page\" data-elementor-id=\"510\" class=\"elementor elementor-510\" data-elementor-post-type=\"page\">\n\t\t\t\t<div class=\"elementor-element elementor-element-de8914e e-flex e-con-boxed e-con e-parent\" data-id=\"de8914e\" data-element_type=\"container\" data-e-type=\"container\" data-settings=\"{&quot;jet_parallax_layout_list&quot;:[]}\">\n\t\t\t\t\t<div class=\"e-con-inner\">\n\t\t\t\t<div class=\"elementor-element elementor-element-ce659ee elementor-widget elementor-widget-breadcrumbs\" data-id=\"ce659ee\" data-element_type=\"widget\" data-e-type=\"widget\" data-widget_type=\"breadcrumbs.default\">\n\t\t\t\t<div class=\"elementor-widget-container\">\n\t\t\t\t\t<p id=\"breadcrumbs\"><span><span><a href=\"https:\/\/www.bioret-corp.com\/pl\/\">Strona g\u0142\u00f3wna<\/a><\/span><\/span><\/p>\t\t\t\t<\/div>\n\t\t\t\t<\/div>\n\t\t\t\t\t<\/div>\n\t\t\t\t<\/div>\n\t\t<div class=\"elementor-element elementor-element-60e0451 e-flex e-con-boxed e-con e-parent\" data-id=\"60e0451\" data-element_type=\"container\" data-e-type=\"container\" data-settings=\"{&quot;jet_parallax_layout_list&quot;:[]}\">\n\t\t\t\t\t<div class=\"e-con-inner\">\n\t\t\t\t<div class=\"elementor-element elementor-element-04331b2 elementor-widget-tablet__width-initial elementor-widget elementor-widget-heading\" data-id=\"04331b2\" data-element_type=\"widget\" data-e-type=\"widget\" data-widget_type=\"heading.default\">\n\t\t\t\t<div class=\"elementor-widget-container\">\n\t\t\t\t\t<h1 class=\"elementor-heading-title elementor-size-default\">Badania i rozw\u00f3j<\/h1>\t\t\t\t<\/div>\n\t\t\t\t<\/div>\n\t\t\t\t\t<\/div>\n\t\t\t\t<\/div>\n\t\t<div class=\"elementor-element elementor-element-4c2d271 e-flex e-con-boxed e-con e-parent\" data-id=\"4c2d271\" data-element_type=\"container\" data-e-type=\"container\" data-settings=\"{&quot;jet_parallax_layout_list&quot;:[]}\">\n\t\t\t\t\t<div class=\"e-con-inner\">\n\t\t<div class=\"elementor-element elementor-element-8405847 e-con-full e-flex e-con e-child\" data-id=\"8405847\" data-element_type=\"container\" data-e-type=\"container\" data-settings=\"{&quot;jet_parallax_layout_list&quot;:[]}\">\n\t\t\t\t<div class=\"elementor-element elementor-element-3b4aea9 elementor-widget elementor-widget-heading\" data-id=\"3b4aea9\" data-element_type=\"widget\" data-e-type=\"widget\" data-widget_type=\"heading.default\">\n\t\t\t\t<div class=\"elementor-widget-container\">\n\t\t\t\t\t<h2 class=\"elementor-heading-title elementor-size-default\">Bie\u017c\u0105ce inwestycje<\/h2>\t\t\t\t<\/div>\n\t\t\t\t<\/div>\n\t\t\t\t<div class=\"elementor-element elementor-element-e7fc6e7 elementor-widget elementor-widget-text-editor\" data-id=\"e7fc6e7\" data-element_type=\"widget\" data-e-type=\"widget\" data-widget_type=\"text-editor.default\">\n\t\t\t\t<div class=\"elementor-widget-container\">\n\t\t\t\t\t\t\t\t\t<p>Nieustannie inwestujemy w badania i rozw\u00f3j, aby tworzy\u0107 nowe produkty zapewniaj\u0105ce komfort zwierz\u0119tom, zaprojektowane z my\u015bl\u0105 o hodowcach.<\/p><p>S\u0105 one regularnie przedmiotem patent\u00f3w i nagr\u00f3d na ca\u0142ym \u015bwiecie.<\/p><p>\u00a0<\/p>\t\t\t\t\t\t\t\t<\/div>\n\t\t\t\t<\/div>\n\t\t\t\t<\/div>\n\t\t<div class=\"elementor-element elementor-element-33f879f e-con-full e-flex e-con e-child\" data-id=\"33f879f\" data-element_type=\"container\" data-e-type=\"container\" data-settings=\"{&quot;jet_parallax_layout_list&quot;:[]}\">\n\t\t\t\t<div class=\"elementor-element elementor-element-f6fbd9e elementor-widget elementor-widget-image\" data-id=\"f6fbd9e\" data-element_type=\"widget\" data-e-type=\"widget\" data-widget_type=\"image.default\">\n\t\t\t\t<div class=\"elementor-widget-container\">\n\t\t\t\t\t\t\t\t\t\t\t\t\t\t\t<img loading=\"lazy\" decoding=\"async\" width=\"800\" height=\"600\" src=\"https:\/\/www.bioret-corp.com\/wp-content\/uploads\/2025\/05\/recherche-et-developpement.jpg\" class=\"attachment-large size-large wp-image-991\" alt=\"\" srcset=\"https:\/\/www.bioret-corp.com\/wp-content\/uploads\/2025\/05\/recherche-et-developpement.jpg 1000w, https:\/\/www.bioret-corp.com\/wp-content\/uploads\/2025\/05\/recherche-et-developpement-300x225.jpg 300w, https:\/\/www.bioret-corp.com\/wp-content\/uploads\/2025\/05\/recherche-et-developpement-768x576.jpg 768w\" sizes=\"auto, (max-width: 800px) 100vw, 800px\" \/>\t\t\t\t\t\t\t\t\t\t\t\t\t\t\t<\/div>\n\t\t\t\t<\/div>\n\t\t\t\t<\/div>\n\t\t\t\t\t<\/div>\n\t\t\t\t<\/div>\n\t\t\t\t<\/div>","protected":false},"excerpt":{"rendered":"<p>Recherche &#038; D\u00e9veloppement Un investissement continu Nous investissons continuellement dans la recherche et le d\u00e9veloppement avec la cr\u00e9ation de nouveaux produits de confort animal, pens\u00e9 avec et pour des \u00e9leveurs. Ils font r\u00e9guli\u00e8rement l\u2019objet de brevets, et de distinctions partout dans le monde. \u00a0<\/p>","protected":false},"author":1,"featured_media":0,"parent":0,"menu_order":0,"comment_status":"closed","ping_status":"closed","template":"","meta":{"_acf_changed":false,"content-type":"","footnotes":""},"class_list":["post-510","page","type-page","status-publish","hentry"],"acf":[],"yoast_head":"<!-- This site is optimized with the Yoast SEO plugin v27.4 - https:\/\/yoast.com\/product\/yoast-seo-wordpress\/ -->\n<title>Recherche et d\u00e9veloppement - BIORET CORP<\/title>\n<meta name=\"description\" content=\"D\u00e9couvrez les efforts de recherche et d\u00e9veloppement du groupe Bioret, en faveur de l&#039;\u00e9conomie circulaire et du bien-\u00eatre animal.\" \/>\n<meta name=\"robots\" content=\"index, follow, max-snippet:-1, max-image-preview:large, max-video-preview:-1\" \/>\n<link rel=\"canonical\" href=\"https:\/\/www.bioret-corp.com\/pl\/badania-i-rozwoj\/\" \/>\n<meta property=\"og:locale\" content=\"pl_PL\" \/>\n<meta property=\"og:type\" content=\"article\" \/>\n<meta property=\"og:title\" content=\"Recherche et d\u00e9veloppement - BIORET CORP\" \/>\n<meta property=\"og:description\" content=\"D\u00e9couvrez les efforts de recherche et d\u00e9veloppement du groupe Bioret, en faveur de l&#039;\u00e9conomie circulaire et du bien-\u00eatre animal.\" \/>\n<meta property=\"og:url\" content=\"https:\/\/www.bioret-corp.com\/pl\/badania-i-rozwoj\/\" \/>\n<meta property=\"og:site_name\" content=\"BIORET CORP\" \/>\n<meta property=\"article:modified_time\" content=\"2025-05-12T14:37:30+00:00\" \/>\n<meta property=\"og:image\" content=\"https:\/\/www.bioret-corp.com\/wp-content\/uploads\/2025\/05\/recherche-et-developpement.jpg\" \/>\n<meta name=\"twitter:card\" content=\"summary_large_image\" \/>\n<meta name=\"twitter:label1\" content=\"Szacowany czas czytania\" \/>\n\t<meta name=\"twitter:data1\" content=\"1 minuta\" \/>\n<script type=\"application\/ld+json\" class=\"yoast-schema-graph\">{\"@context\":\"https:\\\/\\\/schema.org\",\"@graph\":[{\"@type\":\"WebPage\",\"@id\":\"https:\\\/\\\/www.bioret-corp.com\\\/recherche-et-developpement\\\/\",\"url\":\"https:\\\/\\\/www.bioret-corp.com\\\/recherche-et-developpement\\\/\",\"name\":\"Recherche et d\u00e9veloppement - BIORET CORP\",\"isPartOf\":{\"@id\":\"https:\\\/\\\/www.bioret-corp.com\\\/#website\"},\"primaryImageOfPage\":{\"@id\":\"https:\\\/\\\/www.bioret-corp.com\\\/recherche-et-developpement\\\/#primaryimage\"},\"image\":{\"@id\":\"https:\\\/\\\/www.bioret-corp.com\\\/recherche-et-developpement\\\/#primaryimage\"},\"thumbnailUrl\":\"https:\\\/\\\/www.bioret-corp.com\\\/wp-content\\\/uploads\\\/2025\\\/05\\\/recherche-et-developpement.jpg\",\"datePublished\":\"2024-06-24T14:01:27+00:00\",\"dateModified\":\"2025-05-12T14:37:30+00:00\",\"description\":\"D\u00e9couvrez les efforts de recherche et d\u00e9veloppement du groupe Bioret, en faveur de l'\u00e9conomie circulaire et du bien-\u00eatre animal.\",\"breadcrumb\":{\"@id\":\"https:\\\/\\\/www.bioret-corp.com\\\/recherche-et-developpement\\\/#breadcrumb\"},\"inLanguage\":\"pl-PL\",\"potentialAction\":[{\"@type\":\"ReadAction\",\"target\":[\"https:\\\/\\\/www.bioret-corp.com\\\/recherche-et-developpement\\\/\"]}]},{\"@type\":\"ImageObject\",\"inLanguage\":\"pl-PL\",\"@id\":\"https:\\\/\\\/www.bioret-corp.com\\\/recherche-et-developpement\\\/#primaryimage\",\"url\":\"https:\\\/\\\/www.bioret-corp.com\\\/wp-content\\\/uploads\\\/2025\\\/05\\\/recherche-et-developpement.jpg\",\"contentUrl\":\"https:\\\/\\\/www.bioret-corp.com\\\/wp-content\\\/uploads\\\/2025\\\/05\\\/recherche-et-developpement.jpg\"},{\"@type\":\"BreadcrumbList\",\"@id\":\"https:\\\/\\\/www.bioret-corp.com\\\/recherche-et-developpement\\\/#breadcrumb\",\"itemListElement\":[{\"@type\":\"ListItem\",\"position\":1,\"name\":\"Accueil\",\"item\":\"https:\\\/\\\/www.bioret-corp.com\\\/\"},{\"@type\":\"ListItem\",\"position\":2,\"name\":\"Recherche et d\u00e9veloppement\"}]},{\"@type\":\"WebSite\",\"@id\":\"https:\\\/\\\/www.bioret-corp.com\\\/#website\",\"url\":\"https:\\\/\\\/www.bioret-corp.com\\\/\",\"name\":\"BIORET CORP\",\"description\":\"\",\"potentialAction\":[{\"@type\":\"SearchAction\",\"target\":{\"@type\":\"EntryPoint\",\"urlTemplate\":\"https:\\\/\\\/www.bioret-corp.com\\\/?s={search_term_string}\"},\"query-input\":{\"@type\":\"PropertyValueSpecification\",\"valueRequired\":true,\"valueName\":\"search_term_string\"}}],\"inLanguage\":\"pl-PL\"}]}<\/script>\n<!-- \/ Yoast SEO plugin. -->","yoast_head_json":{"title":"Badania i rozw\u00f3j - BIORET CORP","description":"Dowiedz si\u0119 wi\u0119cej o wysi\u0142kach badawczo-rozwojowych Grupy Bioret na rzecz promowania gospodarki o obiegu zamkni\u0119tym i dobrostanu zwierz\u0105t.","robots":{"index":"index","follow":"follow","max-snippet":"max-snippet:-1","max-image-preview":"max-image-preview:large","max-video-preview":"max-video-preview:-1"},"canonical":"https:\/\/www.bioret-corp.com\/pl\/badania-i-rozwoj\/","og_locale":"pl_PL","og_type":"article","og_title":"Recherche et d\u00e9veloppement - BIORET CORP","og_description":"D\u00e9couvrez les efforts de recherche et d\u00e9veloppement du groupe Bioret, en faveur de l'\u00e9conomie circulaire et du bien-\u00eatre animal.","og_url":"https:\/\/www.bioret-corp.com\/pl\/badania-i-rozwoj\/","og_site_name":"BIORET CORP","article_modified_time":"2025-05-12T14:37:30+00:00","og_image":[{"url":"https:\/\/www.bioret-corp.com\/wp-content\/uploads\/2025\/05\/recherche-et-developpement.jpg","type":"","width":"","height":""}],"twitter_card":"summary_large_image","twitter_misc":{"Szacowany czas czytania":"1 minuta"},"schema":{"@context":"https:\/\/schema.org","@graph":[{"@type":"WebPage","@id":"https:\/\/www.bioret-corp.com\/recherche-et-developpement\/","url":"https:\/\/www.bioret-corp.com\/recherche-et-developpement\/","name":"Badania i rozw\u00f3j - BIORET CORP","isPartOf":{"@id":"https:\/\/www.bioret-corp.com\/#website"},"primaryImageOfPage":{"@id":"https:\/\/www.bioret-corp.com\/recherche-et-developpement\/#primaryimage"},"image":{"@id":"https:\/\/www.bioret-corp.com\/recherche-et-developpement\/#primaryimage"},"thumbnailUrl":"https:\/\/www.bioret-corp.com\/wp-content\/uploads\/2025\/05\/recherche-et-developpement.jpg","datePublished":"2024-06-24T14:01:27+00:00","dateModified":"2025-05-12T14:37:30+00:00","description":"Dowiedz si\u0119 wi\u0119cej o wysi\u0142kach badawczo-rozwojowych Grupy Bioret na rzecz promowania gospodarki o obiegu zamkni\u0119tym i dobrostanu zwierz\u0105t.","breadcrumb":{"@id":"https:\/\/www.bioret-corp.com\/recherche-et-developpement\/#breadcrumb"},"inLanguage":"pl-PL","potentialAction":[{"@type":"ReadAction","target":["https:\/\/www.bioret-corp.com\/recherche-et-developpement\/"]}]},{"@type":"ImageObject","inLanguage":"pl-PL","@id":"https:\/\/www.bioret-corp.com\/recherche-et-developpement\/#primaryimage","url":"https:\/\/www.bioret-corp.com\/wp-content\/uploads\/2025\/05\/recherche-et-developpement.jpg","contentUrl":"https:\/\/www.bioret-corp.com\/wp-content\/uploads\/2025\/05\/recherche-et-developpement.jpg"},{"@type":"BreadcrumbList","@id":"https:\/\/www.bioret-corp.com\/recherche-et-developpement\/#breadcrumb","itemListElement":[{"@type":"ListItem","position":1,"name":"Accueil","item":"https:\/\/www.bioret-corp.com\/"},{"@type":"ListItem","position":2,"name":"Recherche et d\u00e9veloppement"}]},{"@type":"WebSite","@id":"https:\/\/www.bioret-corp.com\/#website","url":"https:\/\/www.bioret-corp.com\/","name":"BIORET CORP","description":"","potentialAction":[{"@type":"SearchAction","target":{"@type":"EntryPoint","urlTemplate":"https:\/\/www.bioret-corp.com\/?s={search_term_string}"},"query-input":{"@type":"PropertyValueSpecification","valueRequired":true,"valueName":"search_term_string"}}],"inLanguage":"pl-PL"}]}},"_links":{"self":[{"href":"https:\/\/www.bioret-corp.com\/pl\/wp-json\/wp\/v2\/pages\/510","targetHints":{"allow":["GET"]}}],"collection":[{"href":"https:\/\/www.bioret-corp.com\/pl\/wp-json\/wp\/v2\/pages"}],"about":[{"href":"https:\/\/www.bioret-corp.com\/pl\/wp-json\/wp\/v2\/types\/page"}],"author":[{"embeddable":true,"href":"https:\/\/www.bioret-corp.com\/pl\/wp-json\/wp\/v2\/users\/1"}],"replies":[{"embeddable":true,"href":"https:\/\/www.bioret-corp.com\/pl\/wp-json\/wp\/v2\/comments?post=510"}],"version-history":[{"count":10,"href":"https:\/\/www.bioret-corp.com\/pl\/wp-json\/wp\/v2\/pages\/510\/revisions"}],"predecessor-version":[{"id":994,"href":"https:\/\/www.bioret-corp.com\/pl\/wp-json\/wp\/v2\/pages\/510\/revisions\/994"}],"wp:attachment":[{"href":"https:\/\/www.bioret-corp.com\/pl\/wp-json\/wp\/v2\/media?parent=510"}],"curies":[{"name":"wp","href":"https:\/\/api.w.org\/{rel}","templated":true}]}}